{"id":95,"date":"2023-12-21T10:24:46","date_gmt":"2023-12-21T10:24:46","guid":{"rendered":"https:\/\/evisa.xpressbuddy.com\/?page_id=95"},"modified":"2025-06-04T11:03:03","modified_gmt":"2025-06-04T11:03:03","slug":"message-du-gestionnaire","status":"publish","type":"page","link":"https:\/\/skylines.my\/fr\/message-du-gestionnaire\/","title":{"rendered":"Message du responsable"},"content":{"rendered":"<div data-elementor-type=\"wp-page\" data-elementor-id=\"95\" class=\"elementor elementor-95\" data-elementor-post-type=\"page\">\n\t\t\t\t\t\t<section class=\"elementor-section elementor-top-section elementor-element elementor-element-e01d4d1 elementor-reverse-tablet elementor-reverse-mobile elementor-section-boxed elementor-section-height-default elementor-section-height-default\" data-id=\"e01d4d1\" data-element_type=\"section\" data-e-type=\"section\">\n\t\t\t\t\t\t<div class=\"elementor-container elementor-column-gap-default\">\n\t\t\t\t\t<div class=\"elementor-column elementor-col-50 elementor-top-column elementor-element elementor-element-48ba8b2\" data-id=\"48ba8b2\" data-element_type=\"column\" data-e-type=\"column\">\n\t\t\t<div class=\"elementor-widget-wrap elementor-element-populated\">\n\t\t\t\t\t\t<div class=\"elementor-element elementor-element-db38b72 elementor-blockquote--skin-boxed elementor-widget elementor-widget-blockquote\" data-id=\"db38b72\" data-element_type=\"widget\" data-e-type=\"widget\" data-widget_type=\"blockquote.default\">\n\t\t\t\t<div class=\"elementor-widget-container\">\n\t\t\t\t\t\t\t<blockquote class=\"elementor-blockquote\">\n\t\t\t<p class=\"elementor-blockquote__content\">\n\t\t\t\tNous ne nous contentons pas d&#039;orienter les gens vers des opportunit\u00e9s. Nous les accompagnons jusqu&#039;\u00e0 ce qu&#039;ils r\u00e9ussissent.\t\t\t<\/p>\n\t\t\t\t\t\t\t<div class=\"e-q-footer\">\n\t\t\t\t\t\t\t\t\t\t\t<cite class=\"elementor-blockquote__author\">Elvis Ngwa<\/cite>\n\t\t\t\t\t\t\t\t\t\t\t\t\t\t<\/div>\n\t\t\t\t\t<\/blockquote>\n\t\t\t\t\t\t<\/div>\n\t\t\t\t<\/div>\n\t\t\t\t<div class=\"elementor-element elementor-element-edd59ad elementor-widget elementor-widget-spacer\" data-id=\"edd59ad\" data-element_type=\"widget\" data-e-type=\"widget\" data-widget_type=\"spacer.default\">\n\t\t\t\t<div class=\"elementor-widget-container\">\n\t\t\t\t\t\t\t<div class=\"elementor-spacer\">\n\t\t\t<div class=\"elementor-spacer-inner\"><\/div>\n\t\t<\/div>\n\t\t\t\t\t\t<\/div>\n\t\t\t\t<\/div>\n\t\t\t\t<div class=\"elementor-element elementor-element-feeb9b3 elementor-widget elementor-widget-int-widget-category\" data-id=\"feeb9b3\" data-element_type=\"widget\" data-e-type=\"widget\" data-widget_type=\"int-widget-category.default\">\n\t\t\t\t<div class=\"elementor-widget-container\">\n\t\t\t\t\t        <div class=\"sidebar-widget\">\r\n            <div class=\"widget\">\r\n                <ul class=\"widget-category list-unstyled\">\r\n                                            <li><a href=\"#\">Contexte de l&#039;entreprise                                <span><svg xmlns=\"http:\/\/www.w3.org\/2000\/svg\" width=\"12\" height=\"12\" viewbox=\"0 0 12 12\" fill=\"none\"><path d=\"M11.7759 1.22725C11.7759 0.674965 11.3282 0.22725 10.7759 0.22725L1.77592 0.22725C1.22364 0.22725 0.775924 0.674965 0.775924 1.22725C0.775924 1.77953 1.22364 2.22725 1.77592 2.22725L9.77592 2.22725L9.77592 10.2272C9.77592 10.7795 10.2236 11.2272 10.7759 11.2272C11.3282 11.2272 11.7759 10.7795 11.7759 10.2272L11.7759 1.22725ZM1.93758 11.4798L11.483 1.93436L10.0688 0.520143L0.523362 10.0656L1.93758 11.4798Z\" fill=\"white\"><\/path><\/svg><\/span><\/a>\r\n                        <\/li>\r\n                                            <li><a href=\"#\">Notre vision                                <span><svg xmlns=\"http:\/\/www.w3.org\/2000\/svg\" width=\"12\" height=\"12\" viewbox=\"0 0 12 12\" fill=\"none\"><path d=\"M11.7759 1.22725C11.7759 0.674965 11.3282 0.22725 10.7759 0.22725L1.77592 0.22725C1.22364 0.22725 0.775924 0.674965 0.775924 1.22725C0.775924 1.77953 1.22364 2.22725 1.77592 2.22725L9.77592 2.22725L9.77592 10.2272C9.77592 10.7795 10.2236 11.2272 10.7759 11.2272C11.3282 11.2272 11.7759 10.7795 11.7759 10.2272L11.7759 1.22725ZM1.93758 11.4798L11.483 1.93436L10.0688 0.520143L0.523362 10.0656L1.93758 11.4798Z\" fill=\"white\"><\/path><\/svg><\/span><\/a>\r\n                        <\/li>\r\n                                            <li><a href=\"#\">Notre mission                                <span><svg xmlns=\"http:\/\/www.w3.org\/2000\/svg\" width=\"12\" height=\"12\" viewbox=\"0 0 12 12\" fill=\"none\"><path d=\"M11.7759 1.22725C11.7759 0.674965 11.3282 0.22725 10.7759 0.22725L1.77592 0.22725C1.22364 0.22725 0.775924 0.674965 0.775924 1.22725C0.775924 1.77953 1.22364 2.22725 1.77592 2.22725L9.77592 2.22725L9.77592 10.2272C9.77592 10.7795 10.2236 11.2272 10.7759 11.2272C11.3282 11.2272 11.7759 10.7795 11.7759 10.2272L11.7759 1.22725ZM1.93758 11.4798L11.483 1.93436L10.0688 0.520143L0.523362 10.0656L1.93758 11.4798Z\" fill=\"white\"><\/path><\/svg><\/span><\/a>\r\n                        <\/li>\r\n                                    <\/ul>\r\n            <\/div>\r\n        <\/div>\r\n        \t\t\t\t<\/div>\n\t\t\t\t<\/div>\n\t\t\t\t<div class=\"elementor-element elementor-element-261a649 elementor-icon-list--layout-traditional elementor-list-item-link-full_width elementor-widget elementor-widget-icon-list\" data-id=\"261a649\" data-element_type=\"widget\" data-e-type=\"widget\" data-widget_type=\"icon-list.default\">\n\t\t\t\t<div class=\"elementor-widget-container\">\n\t\t\t\t\t\t\t<ul class=\"elementor-icon-list-items\">\n\t\t\t\t\t\t\t<li class=\"elementor-icon-list-item\">\n\t\t\t\t\t\t\t\t\t\t\t<span class=\"elementor-icon-list-icon\">\n\t\t\t\t\t\t\t<svg xmlns=\"http:\/\/www.w3.org\/2000\/svg\" width=\"14\" height=\"13\" viewbox=\"0 0 14 13\" fill=\"none\"><path d=\"M6.04894 0.927052C6.3483 0.0057416 7.6517 0.00574088 7.95106 0.927052L8.79611 3.52786C8.92999 3.93989 9.31394 4.21885 9.74717 4.21885H12.4818C13.4505 4.21885 13.8533 5.45846 13.0696 6.02786L10.8572 7.63525C10.5067 7.8899 10.3601 8.34127 10.494 8.75329L11.339 11.3541C11.6384 12.2754 10.5839 13.0415 9.80017 12.4721L7.58779 10.8647C7.2373 10.6101 6.7627 10.6101 6.41222 10.8647L4.19983 12.4721C3.41612 13.0415 2.36164 12.2754 2.66099 11.3541L3.50604 8.75329C3.63992 8.34127 3.49326 7.8899 3.14277 7.63525L0.930391 6.02787C0.146677 5.45846 0.549452 4.21885 1.51818 4.21885H4.25283C4.68606 4.21885 5.07001 3.93989 5.20389 3.52786L6.04894 0.927052Z\" fill=\"#00CC99\"><\/path><\/svg>\t\t\t\t\t\t<\/span>\n\t\t\t\t\t\t\t\t\t\t<span class=\"elementor-icon-list-text\">Assistance enti\u00e8rement personnalis\u00e9e<\/span>\n\t\t\t\t\t\t\t\t\t<\/li>\n\t\t\t\t\t\t\t\t<li class=\"elementor-icon-list-item\">\n\t\t\t\t\t\t\t\t\t\t\t<span class=\"elementor-icon-list-icon\">\n\t\t\t\t\t\t\t<svg xmlns=\"http:\/\/www.w3.org\/2000\/svg\" width=\"14\" height=\"13\" viewbox=\"0 0 14 13\" fill=\"none\"><path d=\"M6.04894 0.927052C6.3483 0.0057416 7.6517 0.00574088 7.95106 0.927052L8.79611 3.52786C8.92999 3.93989 9.31394 4.21885 9.74717 4.21885H12.4818C13.4505 4.21885 13.8533 5.45846 13.0696 6.02786L10.8572 7.63525C10.5067 7.8899 10.3601 8.34127 10.494 8.75329L11.339 11.3541C11.6384 12.2754 10.5839 13.0415 9.80017 12.4721L7.58779 10.8647C7.2373 10.6101 6.7627 10.6101 6.41222 10.8647L4.19983 12.4721C3.41612 13.0415 2.36164 12.2754 2.66099 11.3541L3.50604 8.75329C3.63992 8.34127 3.49326 7.8899 3.14277 7.63525L0.930391 6.02787C0.146677 5.45846 0.549452 4.21885 1.51818 4.21885H4.25283C4.68606 4.21885 5.07001 3.93989 5.20389 3.52786L6.04894 0.927052Z\" fill=\"#00CC99\"><\/path><\/svg>\t\t\t\t\t\t<\/span>\n\t\t\t\t\t\t\t\t\t\t<span class=\"elementor-icon-list-text\">Acc\u00e8s aux meilleures formations et aux entreprises<\/span>\n\t\t\t\t\t\t\t\t\t<\/li>\n\t\t\t\t\t\t\t\t<li class=\"elementor-icon-list-item\">\n\t\t\t\t\t\t\t\t\t\t\t<span class=\"elementor-icon-list-icon\">\n\t\t\t\t\t\t\t<svg xmlns=\"http:\/\/www.w3.org\/2000\/svg\" width=\"14\" height=\"13\" viewbox=\"0 0 14 13\" fill=\"none\"><path d=\"M6.04894 0.927052C6.3483 0.0057416 7.6517 0.00574088 7.95106 0.927052L8.79611 3.52786C8.92999 3.93989 9.31394 4.21885 9.74717 4.21885H12.4818C13.4505 4.21885 13.8533 5.45846 13.0696 6.02786L10.8572 7.63525C10.5067 7.8899 10.3601 8.34127 10.494 8.75329L11.339 11.3541C11.6384 12.2754 10.5839 13.0415 9.80017 12.4721L7.58779 10.8647C7.2373 10.6101 6.7627 10.6101 6.41222 10.8647L4.19983 12.4721C3.41612 13.0415 2.36164 12.2754 2.66099 11.3541L3.50604 8.75329C3.63992 8.34127 3.49326 7.8899 3.14277 7.63525L0.930391 6.02787C0.146677 5.45846 0.549452 4.21885 1.51818 4.21885H4.25283C4.68606 4.21885 5.07001 3.93989 5.20389 3.52786L6.04894 0.927052Z\" fill=\"#00CC99\"><\/path><\/svg>\t\t\t\t\t\t<\/span>\n\t\t\t\t\t\t\t\t\t\t<span class=\"elementor-icon-list-text\">Traitement acc\u00e9l\u00e9r\u00e9 des visas<\/span>\n\t\t\t\t\t\t\t\t\t<\/li>\n\t\t\t\t\t\t\t\t<li class=\"elementor-icon-list-item\">\n\t\t\t\t\t\t\t\t\t\t\t<span class=\"elementor-icon-list-icon\">\n\t\t\t\t\t\t\t<svg xmlns=\"http:\/\/www.w3.org\/2000\/svg\" width=\"14\" height=\"13\" viewbox=\"0 0 14 13\" fill=\"none\"><path d=\"M6.04894 0.927052C6.3483 0.0057416 7.6517 0.00574088 7.95106 0.927052L8.79611 3.52786C8.92999 3.93989 9.31394 4.21885 9.74717 4.21885H12.4818C13.4505 4.21885 13.8533 5.45846 13.0696 6.02786L10.8572 7.63525C10.5067 7.8899 10.3601 8.34127 10.494 8.75329L11.339 11.3541C11.6384 12.2754 10.5839 13.0415 9.80017 12.4721L7.58779 10.8647C7.2373 10.6101 6.7627 10.6101 6.41222 10.8647L4.19983 12.4721C3.41612 13.0415 2.36164 12.2754 2.66099 11.3541L3.50604 8.75329C3.63992 8.34127 3.49326 7.8899 3.14277 7.63525L0.930391 6.02787C0.146677 5.45846 0.549452 4.21885 1.51818 4.21885H4.25283C4.68606 4.21885 5.07001 3.93989 5.20389 3.52786L6.04894 0.927052Z\" fill=\"#00CC99\"><\/path><\/svg>\t\t\t\t\t\t<\/span>\n\t\t\t\t\t\t\t\t\t\t<span class=\"elementor-icon-list-text\">Assistance multilingue 24h\/24 et 7j\/7<\/span>\n\t\t\t\t\t\t\t\t\t<\/li>\n\t\t\t\t\t\t\t\t<li class=\"elementor-icon-list-item\">\n\t\t\t\t\t\t\t\t\t\t\t<span class=\"elementor-icon-list-icon\">\n\t\t\t\t\t\t\t<svg xmlns=\"http:\/\/www.w3.org\/2000\/svg\" width=\"14\" height=\"13\" viewbox=\"0 0 14 13\" fill=\"none\"><path d=\"M6.04894 0.927052C6.3483 0.0057416 7.6517 0.00574088 7.95106 0.927052L8.79611 3.52786C8.92999 3.93989 9.31394 4.21885 9.74717 4.21885H12.4818C13.4505 4.21885 13.8533 5.45846 13.0696 6.02786L10.8572 7.63525C10.5067 7.8899 10.3601 8.34127 10.494 8.75329L11.339 11.3541C11.6384 12.2754 10.5839 13.0415 9.80017 12.4721L7.58779 10.8647C7.2373 10.6101 6.7627 10.6101 6.41222 10.8647L4.19983 12.4721C3.41612 13.0415 2.36164 12.2754 2.66099 11.3541L3.50604 8.75329C3.63992 8.34127 3.49326 7.8899 3.14277 7.63525L0.930391 6.02787C0.146677 5.45846 0.549452 4.21885 1.51818 4.21885H4.25283C4.68606 4.21885 5.07001 3.93989 5.20389 3.52786L6.04894 0.927052Z\" fill=\"#00CC99\"><\/path><\/svg>\t\t\t\t\t\t<\/span>\n\t\t\t\t\t\t\t\t\t\t<span class=\"elementor-icon-list-text\">Port\u00e9e mondiale, connaissance locale<\/span>\n\t\t\t\t\t\t\t\t\t<\/li>\n\t\t\t\t\t\t\t\t<li class=\"elementor-icon-list-item\">\n\t\t\t\t\t\t\t\t\t\t\t<span class=\"elementor-icon-list-icon\">\n\t\t\t\t\t\t\t<svg xmlns=\"http:\/\/www.w3.org\/2000\/svg\" width=\"14\" height=\"13\" viewbox=\"0 0 14 13\" fill=\"none\"><path d=\"M6.04894 0.927052C6.3483 0.0057416 7.6517 0.00574088 7.95106 0.927052L8.79611 3.52786C8.92999 3.93989 9.31394 4.21885 9.74717 4.21885H12.4818C13.4505 4.21885 13.8533 5.45846 13.0696 6.02786L10.8572 7.63525C10.5067 7.8899 10.3601 8.34127 10.494 8.75329L11.339 11.3541C11.6384 12.2754 10.5839 13.0415 9.80017 12.4721L7.58779 10.8647C7.2373 10.6101 6.7627 10.6101 6.41222 10.8647L4.19983 12.4721C3.41612 13.0415 2.36164 12.2754 2.66099 11.3541L3.50604 8.75329C3.63992 8.34127 3.49326 7.8899 3.14277 7.63525L0.930391 6.02787C0.146677 5.45846 0.549452 4.21885 1.51818 4.21885H4.25283C4.68606 4.21885 5.07001 3.93989 5.20389 3.52786L6.04894 0.927052Z\" fill=\"#00CC99\"><\/path><\/svg>\t\t\t\t\t\t<\/span>\n\t\t\t\t\t\t\t\t\t\t<span class=\"elementor-icon-list-text\">Service transparent et efficace<\/span>\n\t\t\t\t\t\t\t\t\t<\/li>\n\t\t\t\t\t\t<\/ul>\n\t\t\t\t\t\t<\/div>\n\t\t\t\t<\/div>\n\t\t\t\t\t<\/div>\n\t\t<\/div>\n\t\t\t\t<div class=\"elementor-column elementor-col-50 elementor-top-column elementor-element elementor-element-51cc2cb\" data-id=\"51cc2cb\" data-element_type=\"column\" data-e-type=\"column\">\n\t\t\t<div class=\"elementor-widget-wrap elementor-element-populated\">\n\t\t\t\t\t\t<div class=\"elementor-element elementor-element-3fae405 elementor-widget elementor-widget-text-editor\" data-id=\"3fae405\" data-element_type=\"widget\" data-e-type=\"widget\" data-widget_type=\"text-editor.default\">\n\t\t\t\t<div class=\"elementor-widget-container\">\n\t\t\t\t\t\t\t\t\t<p class=\"p1\"><img fetchpriority=\"high\" decoding=\"async\" class=\"alignleft wp-image-157283\" src=\"https:\/\/skylines.my\/wp-content\/uploads\/2025\/05\/edited-01-1024x968.jpg\" alt=\"\" width=\"425\" height=\"402\" srcset=\"https:\/\/skylines.my\/wp-content\/uploads\/2025\/05\/edited-01-1024x968.jpg 1024w, https:\/\/skylines.my\/wp-content\/uploads\/2025\/05\/edited-01-300x284.jpg 300w, https:\/\/skylines.my\/wp-content\/uploads\/2025\/05\/edited-01-768x726.jpg 768w, https:\/\/skylines.my\/wp-content\/uploads\/2025\/05\/edited-01-1536x1452.jpg 1536w, https:\/\/skylines.my\/wp-content\/uploads\/2025\/05\/edited-01-13x12.jpg 13w, https:\/\/skylines.my\/wp-content\/uploads\/2025\/05\/edited-01.jpg 1627w\" sizes=\"(max-width: 425px) 100vw, 425px\" \/>Comme\u00a0<span class=\"xb-item--designation\">Associ\u00e9 g\u00e9rant <\/span>Chez Skylines Group, c&#039;est un plaisir de vous accueillir au sein d&#039;une marque fond\u00e9e sur l&#039;exp\u00e9rience, le sens du but et les r\u00e9sultats.<\/p><p class=\"p1\">Avec plus de 15 ans d&#039;exp\u00e9rience internationale en Afrique, en Europe, au Moyen-Orient et en Asie, notre mission a toujours \u00e9t\u00e9 de cr\u00e9er des opportunit\u00e9s, que ce soit par l&#039;\u00e9ducation, l&#039;entrepreneuriat ou la mobilit\u00e9 strat\u00e9gique.<\/p><p class=\"p1\">Skyline a \u00e9t\u00e9 fond\u00e9e en Malaisie avec une conviction simple\u00a0: l\u2019acc\u00e8s \u00e0 l\u2019\u00e9ducation ne devrait pas \u00eatre limit\u00e9 par les fronti\u00e8res ou la bureaucratie. De l\u2019accompagnement des \u00e9tudiants vers les meilleures universit\u00e9s \u00e0 l\u2019aide apport\u00e9e aux entreprises pour conqu\u00e9rir de nouveaux march\u00e9s, notre r\u00f4le est de simplifier le parcours et de garantir la r\u00e9ussite.<\/p><p class=\"p1\">Nous sommes plus qu&#039;un service, nous sommes un pont. Entre les personnes et les possibilit\u00e9s. Entre l&#039;ambition et l&#039;action.<\/p><p class=\"p1\">Gr\u00e2ce \u00e0 son expertise en mati\u00e8re de conseil, \u00e0 sa connaissance approfondie des cultures et \u00e0 ses partenariats de confiance, Skyline propose des solutions qui font la diff\u00e9rence\u00a0:<\/p><ul><li><p class=\"p1\">Dans <strong>E<span class=\"s1\">\u00e9ducation<\/span><\/strong>, Nous pla\u00e7ons les \u00e9l\u00e8ves l\u00e0 o\u00f9 ils pourront s&#039;\u00e9panouir.<\/p><\/li><li><p class=\"p1\">Dans <strong><span class=\"s1\">Entreprise<\/span><\/strong>, nous ouvrons les portes \u00e0 une nouvelle croissance.<\/p><\/li><li><p class=\"p1\">Dans <strong><span class=\"s1\">Tourisme<\/span><\/strong>, Nous concevons des parcours qui inspirent et cr\u00e9ent des liens.<\/p><\/li><\/ul><p class=\"p1\"><strong><em>Quel que soit votre objectif \u2013 \u00e9tudes, investissement ou exploration \u2013, Skyline est l\u00e0 pour vous guider.<\/em><\/strong><\/p><p class=\"p4\"><em><strong>Forbeteh Elvis<\/strong><b><br \/><\/b><\/em><span class=\"xb-item--designation\">Associ\u00e9 g\u00e9rant<\/span>, <br \/>Services \u00e9ducatifs Skyline<\/p>\t\t\t\t\t\t\t\t<\/div>\n\t\t\t\t<\/div>\n\t\t\t\t\t<\/div>\n\t\t<\/div>\n\t\t\t\t\t<\/div>\n\t\t<\/section>\n\t\t\t\t<\/div>","protected":false},"excerpt":{"rendered":"<p>We don\u2019t just guide people to opportunities. We walk with them until they succeed. Elvis Ngwa Company Background Our Vison Our Mission Full Personalized Support Top Education &#038; Business Access Accelerated Visa Processing 24\/7 Multilingual Help Global Reach, Local Insight Transparent &#038; Efficient Service As\u00a0Managing partner of Skylines Group, it\u2019s a pleasure to welcome you [&hellip;]<\/p>\n","protected":false},"author":1,"featured_media":0,"parent":0,"menu_order":0,"comment_status":"closed","ping_status":"closed","template":"evisa-template.php","meta":{"inline_featured_image":false,"footnotes":""},"class_list":["post-95","page","type-page","status-publish","hentry"],"_links":{"self":[{"href":"https:\/\/skylines.my\/fr\/wp-json\/wp\/v2\/pages\/95","targetHints":{"allow":["GET"]}}],"collection":[{"href":"https:\/\/skylines.my\/fr\/wp-json\/wp\/v2\/pages"}],"about":[{"href":"https:\/\/skylines.my\/fr\/wp-json\/wp\/v2\/types\/page"}],"author":[{"embeddable":true,"href":"https:\/\/skylines.my\/fr\/wp-json\/wp\/v2\/users\/1"}],"replies":[{"embeddable":true,"href":"https:\/\/skylines.my\/fr\/wp-json\/wp\/v2\/comments?post=95"}],"version-history":[{"count":32,"href":"https:\/\/skylines.my\/fr\/wp-json\/wp\/v2\/pages\/95\/revisions"}],"predecessor-version":[{"id":157722,"href":"https:\/\/skylines.my\/fr\/wp-json\/wp\/v2\/pages\/95\/revisions\/157722"}],"wp:attachment":[{"href":"https:\/\/skylines.my\/fr\/wp-json\/wp\/v2\/media?parent=95"}],"curies":[{"name":"wp","href":"https:\/\/api.w.org\/{rel}","templated":true}]}}