{"id":93,"date":"2023-12-21T10:24:33","date_gmt":"2023-12-21T10:24:33","guid":{"rendered":"https:\/\/evisa.xpressbuddy.com\/?page_id=93"},"modified":"2025-05-16T09:38:25","modified_gmt":"2025-05-16T09:38:25","slug":"nos-valeurs","status":"publish","type":"page","link":"https:\/\/skylines.my\/fr\/nos-valeurs\/","title":{"rendered":"Nos valeurs"},"content":{"rendered":"<div data-elementor-type=\"wp-page\" data-elementor-id=\"93\" class=\"elementor elementor-93\" data-elementor-post-type=\"page\">\n\t\t\t\t\t\t<section class=\"elementor-section elementor-top-section elementor-element elementor-element-b96ed7e elementor-section-boxed elementor-section-height-default elementor-section-height-default\" data-id=\"b96ed7e\" data-element_type=\"section\" data-e-type=\"section\">\n\t\t\t\t\t\t<div class=\"elementor-container elementor-column-gap-default\">\n\t\t\t\t\t<div class=\"elementor-column elementor-col-100 elementor-top-column elementor-element elementor-element-9092a8c\" data-id=\"9092a8c\" data-element_type=\"column\" data-e-type=\"column\">\n\t\t\t<div class=\"elementor-widget-wrap elementor-element-populated\">\n\t\t\t\t\t\t<div class=\"elementor-element elementor-element-bb283a0 elementor-widget elementor-widget-int-sec-title\" data-id=\"bb283a0\" data-element_type=\"widget\" data-e-type=\"widget\" data-widget_type=\"int-sec-title.default\">\n\t\t\t\t<div class=\"elementor-widget-container\">\n\t\t\t\t\t                <div class=\"sec-title\">\r\n                            <h2 class=\"title wow skewIn\">Nos valeurs fondamentales<\/h2>\r\n                    <\/div>\r\n    \t\t\t\t<\/div>\n\t\t\t\t<\/div>\n\t\t\t\t<div class=\"elementor-element elementor-element-3aaa2fe elementor-widget elementor-widget-text-editor\" data-id=\"3aaa2fe\" data-element_type=\"widget\" data-e-type=\"widget\" data-widget_type=\"text-editor.default\">\n\t\t\t\t<div class=\"elementor-widget-container\">\n\t\t\t\t\t\t\t\t\t<p class=\"p1\"><em>Chez Skylines Group, nos valeurs constituent l&#039;\u00e9pine dorsale de notre identit\u00e9 et fa\u00e7onnent notre mani\u00e8re de servir, de collaborer et d&#039;avoir un impact dans les domaines de l&#039;\u00e9ducation, des affaires et du tourisme.<\/em><\/p>\t\t\t\t\t\t\t\t<\/div>\n\t\t\t\t<\/div>\n\t\t\t\t<section class=\"elementor-section elementor-inner-section elementor-element elementor-element-35f0215 elementor-section-boxed elementor-section-height-default elementor-section-height-default\" data-id=\"35f0215\" data-element_type=\"section\" data-e-type=\"section\">\n\t\t\t\t\t\t<div class=\"elementor-container elementor-column-gap-default\">\n\t\t\t\t\t<div class=\"elementor-column elementor-col-33 elementor-inner-column elementor-element elementor-element-41f3f9f\" data-id=\"41f3f9f\" data-element_type=\"column\" data-e-type=\"column\">\n\t\t\t<div class=\"elementor-widget-wrap elementor-element-populated\">\n\t\t\t\t\t\t<div class=\"elementor-element elementor-element-4076044 elementor-widget elementor-widget-int-coaching\" data-id=\"4076044\" data-element_type=\"widget\" data-e-type=\"widget\" data-widget_type=\"int-coaching.default\">\n\t\t\t\t<div class=\"elementor-widget-container\">\n\t\t\t\t\t\r\n        <div class=\"xb-coaching\">\r\n            <div class=\"xb-item--inner\">\r\n                <div class=\"xb-item--img\">\r\n                    <a href=\"#\"><img fetchpriority=\"high\" decoding=\"async\" width=\"615\" height=\"402\" src=\"https:\/\/skylines.my\/wp-content\/uploads\/2025\/05\/integrity.jpg\" class=\"attachment-large size-large\" alt=\"\" srcset=\"https:\/\/skylines.my\/wp-content\/uploads\/2025\/05\/integrity.jpg 615w, https:\/\/skylines.my\/wp-content\/uploads\/2025\/05\/integrity-300x196.jpg 300w, https:\/\/skylines.my\/wp-content\/uploads\/2025\/05\/integrity-18x12.jpg 18w\" sizes=\"(max-width: 615px) 100vw, 615px\" \/><\/a>\r\n                <\/div>\r\n                <div class=\"xb-item--holder pos-rel\">\r\n                                            <h3 class=\"xb-item--title\"><a\r\n                                    href=\"#\">Int\u00e9grit\u00e9<\/a>\r\n                        <\/h3>\r\n                                                                <p class=\"xb-item--content\">\r\n                            Nous privil\u00e9gions la transparence et l&#039;honn\u00eatet\u00e9, et nous b\u00e2tissons la confiance gr\u00e2ce \u00e0 un service \u00e9thique et fiable \u00e0 chaque \u00e9tape.                        <\/p>\r\n                                        <a class=\"xb-item--link\" href=\"#\"><svg xmlns=\"http:\/\/www.w3.org\/2000\/svg\" width=\"16\" height=\"16\" viewbox=\"0 0 16 16\" fill=\"none\"><path d=\"M16 1C16 0.447715 15.5523 -9.44832e-09 15 -9.44832e-09L6 -9.44832e-09C5.44772 -9.44832e-09 5 0.447715 5 1C5 1.55228 5.44772 2 6 2H14V10C14 10.5523 14.4477 11 15 11C15.5523 11 16 10.5523 16 10L16 1ZM1.70711 15.7071L15.7071 1.70711L14.2929 0.292893L0.292893 14.2929L1.70711 15.7071Z\" fill=\"white\"><\/path><\/svg><\/a>\r\n                <\/div>\r\n            <\/div>\r\n        <\/div>\r\n        \t\t\t\t<\/div>\n\t\t\t\t<\/div>\n\t\t\t\t\t<\/div>\n\t\t<\/div>\n\t\t\t\t<div class=\"elementor-column elementor-col-33 elementor-inner-column elementor-element elementor-element-b671277\" data-id=\"b671277\" data-element_type=\"column\" data-e-type=\"column\">\n\t\t\t<div class=\"elementor-widget-wrap elementor-element-populated\">\n\t\t\t\t\t\t<div class=\"elementor-element elementor-element-fe6d1ad elementor-widget elementor-widget-int-coaching\" data-id=\"fe6d1ad\" data-element_type=\"widget\" data-e-type=\"widget\" data-widget_type=\"int-coaching.default\">\n\t\t\t\t<div class=\"elementor-widget-container\">\n\t\t\t\t\t\r\n        <div class=\"xb-coaching\">\r\n            <div class=\"xb-item--inner\">\r\n                <div class=\"xb-item--img\">\r\n                    <a href=\"#\"><img decoding=\"async\" width=\"615\" height=\"402\" src=\"https:\/\/skylines.my\/wp-content\/uploads\/2025\/05\/innovation.jpg\" class=\"attachment-large size-large\" alt=\"\" srcset=\"https:\/\/skylines.my\/wp-content\/uploads\/2025\/05\/innovation.jpg 615w, https:\/\/skylines.my\/wp-content\/uploads\/2025\/05\/innovation-300x196.jpg 300w, https:\/\/skylines.my\/wp-content\/uploads\/2025\/05\/innovation-18x12.jpg 18w\" sizes=\"(max-width: 615px) 100vw, 615px\" \/><\/a>\r\n                <\/div>\r\n                <div class=\"xb-item--holder pos-rel\">\r\n                                            <h3 class=\"xb-item--title\"><a\r\n                                    href=\"#\">Innovation<\/a>\r\n                        <\/h3>\r\n                                                                <p class=\"xb-item--content\">\r\n                            Nous privil\u00e9gions une pens\u00e9e intelligente et adaptable, en proposant des solutions cr\u00e9atives et tourn\u00e9es vers l&#039;avenir qui g\u00e9n\u00e8rent de r\u00e9els progr\u00e8s.                        <\/p>\r\n                                        <a class=\"xb-item--link\" href=\"#\"><svg xmlns=\"http:\/\/www.w3.org\/2000\/svg\" width=\"16\" height=\"16\" viewbox=\"0 0 16 16\" fill=\"none\"><path d=\"M16 1C16 0.447715 15.5523 -9.44832e-09 15 -9.44832e-09L6 -9.44832e-09C5.44772 -9.44832e-09 5 0.447715 5 1C5 1.55228 5.44772 2 6 2H14V10C14 10.5523 14.4477 11 15 11C15.5523 11 16 10.5523 16 10L16 1ZM1.70711 15.7071L15.7071 1.70711L14.2929 0.292893L0.292893 14.2929L1.70711 15.7071Z\" fill=\"white\"><\/path><\/svg><\/a>\r\n                <\/div>\r\n            <\/div>\r\n        <\/div>\r\n        \t\t\t\t<\/div>\n\t\t\t\t<\/div>\n\t\t\t\t\t<\/div>\n\t\t<\/div>\n\t\t\t\t<div class=\"elementor-column elementor-col-33 elementor-inner-column elementor-element elementor-element-02786d2\" data-id=\"02786d2\" data-element_type=\"column\" data-e-type=\"column\">\n\t\t\t<div class=\"elementor-widget-wrap elementor-element-populated\">\n\t\t\t\t\t\t<div class=\"elementor-element elementor-element-3bcc34c elementor-widget elementor-widget-int-coaching\" data-id=\"3bcc34c\" data-element_type=\"widget\" data-e-type=\"widget\" data-widget_type=\"int-coaching.default\">\n\t\t\t\t<div class=\"elementor-widget-container\">\n\t\t\t\t\t\r\n        <div class=\"xb-coaching\">\r\n            <div class=\"xb-item--inner\">\r\n                <div class=\"xb-item--img\">\r\n                    <a href=\"#\"><img decoding=\"async\" width=\"615\" height=\"402\" src=\"https:\/\/skylines.my\/wp-content\/uploads\/2025\/05\/culture-1.jpg\" class=\"attachment-large size-large\" alt=\"\" srcset=\"https:\/\/skylines.my\/wp-content\/uploads\/2025\/05\/culture-1.jpg 615w, https:\/\/skylines.my\/wp-content\/uploads\/2025\/05\/culture-1-300x196.jpg 300w, https:\/\/skylines.my\/wp-content\/uploads\/2025\/05\/culture-1-18x12.jpg 18w\" sizes=\"(max-width: 615px) 100vw, 615px\" \/><\/a>\r\n                <\/div>\r\n                <div class=\"xb-item--holder pos-rel\">\r\n                                            <h3 class=\"xb-item--title\"><a\r\n                                    href=\"#\">Intelligence culturelle<\/a>\r\n                        <\/h3>\r\n                                                                <p class=\"xb-item--content\">\r\n                            Nous op\u00e9rons \u00e0 l&#039;\u00e9chelle mondiale avec un profond respect, en assurant un service inclusif et centr\u00e9 sur l&#039;humain dans toutes les cultures.                        <\/p>\r\n                                        <a class=\"xb-item--link\" href=\"#\"><svg xmlns=\"http:\/\/www.w3.org\/2000\/svg\" width=\"16\" height=\"16\" viewbox=\"0 0 16 16\" fill=\"none\"><path d=\"M16 1C16 0.447715 15.5523 -9.44832e-09 15 -9.44832e-09L6 -9.44832e-09C5.44772 -9.44832e-09 5 0.447715 5 1C5 1.55228 5.44772 2 6 2H14V10C14 10.5523 14.4477 11 15 11C15.5523 11 16 10.5523 16 10L16 1ZM1.70711 15.7071L15.7071 1.70711L14.2929 0.292893L0.292893 14.2929L1.70711 15.7071Z\" fill=\"white\"><\/path><\/svg><\/a>\r\n                <\/div>\r\n            <\/div>\r\n        <\/div>\r\n        \t\t\t\t<\/div>\n\t\t\t\t<\/div>\n\t\t\t\t\t<\/div>\n\t\t<\/div>\n\t\t\t\t\t<\/div>\n\t\t<\/section>\n\t\t\t\t<section class=\"elementor-section elementor-inner-section elementor-element elementor-element-02ba373 elementor-section-boxed elementor-section-height-default elementor-section-height-default\" data-id=\"02ba373\" data-element_type=\"section\" data-e-type=\"section\">\n\t\t\t\t\t\t<div class=\"elementor-container elementor-column-gap-default\">\n\t\t\t\t\t<div class=\"elementor-column elementor-col-33 elementor-inner-column elementor-element elementor-element-7d558b4\" data-id=\"7d558b4\" data-element_type=\"column\" data-e-type=\"column\">\n\t\t\t<div class=\"elementor-widget-wrap elementor-element-populated\">\n\t\t\t\t\t\t<div class=\"elementor-element elementor-element-e5f548a elementor-widget elementor-widget-int-coaching\" data-id=\"e5f548a\" data-element_type=\"widget\" data-e-type=\"widget\" data-widget_type=\"int-coaching.default\">\n\t\t\t\t<div class=\"elementor-widget-container\">\n\t\t\t\t\t\r\n        <div class=\"xb-coaching\">\r\n            <div class=\"xb-item--inner\">\r\n                <div class=\"xb-item--img\">\r\n                    <a href=\"#\"><img loading=\"lazy\" decoding=\"async\" width=\"615\" height=\"402\" src=\"https:\/\/skylines.my\/wp-content\/uploads\/2025\/05\/client.jpg\" class=\"attachment-large size-large\" alt=\"\" srcset=\"https:\/\/skylines.my\/wp-content\/uploads\/2025\/05\/client.jpg 615w, https:\/\/skylines.my\/wp-content\/uploads\/2025\/05\/client-300x196.jpg 300w, https:\/\/skylines.my\/wp-content\/uploads\/2025\/05\/client-18x12.jpg 18w\" sizes=\"(max-width: 615px) 100vw, 615px\" \/><\/a>\r\n                <\/div>\r\n                <div class=\"xb-item--holder pos-rel\">\r\n                                            <h3 class=\"xb-item--title\"><a\r\n                                    href=\"#\">Le client d&#039;abord<\/a>\r\n                        <\/h3>\r\n                                                                <p class=\"xb-item--content\">\r\n                            Vos objectifs nous guident. Nous sommes \u00e0 votre \u00e9coute, nous personnalisons nos services et nous agissons avec pr\u00e9cision pour vous offrir des r\u00e9sultats concrets et significatifs.                        <\/p>\r\n                                        <a class=\"xb-item--link\" href=\"#\"><svg xmlns=\"http:\/\/www.w3.org\/2000\/svg\" width=\"16\" height=\"16\" viewbox=\"0 0 16 16\" fill=\"none\"><path d=\"M16 1C16 0.447715 15.5523 -9.44832e-09 15 -9.44832e-09L6 -9.44832e-09C5.44772 -9.44832e-09 5 0.447715 5 1C5 1.55228 5.44772 2 6 2H14V10C14 10.5523 14.4477 11 15 11C15.5523 11 16 10.5523 16 10L16 1ZM1.70711 15.7071L15.7071 1.70711L14.2929 0.292893L0.292893 14.2929L1.70711 15.7071Z\" fill=\"white\"><\/path><\/svg><\/a>\r\n                <\/div>\r\n            <\/div>\r\n        <\/div>\r\n        \t\t\t\t<\/div>\n\t\t\t\t<\/div>\n\t\t\t\t\t<\/div>\n\t\t<\/div>\n\t\t\t\t<div class=\"elementor-column elementor-col-33 elementor-inner-column elementor-element elementor-element-0513429\" data-id=\"0513429\" data-element_type=\"column\" data-e-type=\"column\">\n\t\t\t<div class=\"elementor-widget-wrap elementor-element-populated\">\n\t\t\t\t\t\t<div class=\"elementor-element elementor-element-cfb540b elementor-widget elementor-widget-int-coaching\" data-id=\"cfb540b\" data-element_type=\"widget\" data-e-type=\"widget\" data-widget_type=\"int-coaching.default\">\n\t\t\t\t<div class=\"elementor-widget-container\">\n\t\t\t\t\t\r\n        <div class=\"xb-coaching\">\r\n            <div class=\"xb-item--inner\">\r\n                <div class=\"xb-item--img\">\r\n                    <a href=\"#\"><img loading=\"lazy\" decoding=\"async\" width=\"615\" height=\"402\" src=\"https:\/\/skylines.my\/wp-content\/uploads\/2025\/05\/excellence.jpg\" class=\"attachment-large size-large\" alt=\"\" srcset=\"https:\/\/skylines.my\/wp-content\/uploads\/2025\/05\/excellence.jpg 615w, https:\/\/skylines.my\/wp-content\/uploads\/2025\/05\/excellence-300x196.jpg 300w, https:\/\/skylines.my\/wp-content\/uploads\/2025\/05\/excellence-18x12.jpg 18w\" sizes=\"(max-width: 615px) 100vw, 615px\" \/><\/a>\r\n                <\/div>\r\n                <div class=\"xb-item--holder pos-rel\">\r\n                                            <h3 class=\"xb-item--title\"><a\r\n                                    href=\"#\">Excellence<\/a>\r\n                        <\/h3>\r\n                                                                <p class=\"xb-item--content\">\r\n                            Nous visons l&#039;excellence en mati\u00e8re de qualit\u00e9, en veillant \u00e0 ce que chaque exp\u00e9rience r\u00e9ponde aux normes les plus \u00e9lev\u00e9es, de bout en bout.                        <\/p>\r\n                                        <a class=\"xb-item--link\" href=\"#\"><svg xmlns=\"http:\/\/www.w3.org\/2000\/svg\" width=\"16\" height=\"16\" viewbox=\"0 0 16 16\" fill=\"none\"><path d=\"M16 1C16 0.447715 15.5523 -9.44832e-09 15 -9.44832e-09L6 -9.44832e-09C5.44772 -9.44832e-09 5 0.447715 5 1C5 1.55228 5.44772 2 6 2H14V10C14 10.5523 14.4477 11 15 11C15.5523 11 16 10.5523 16 10L16 1ZM1.70711 15.7071L15.7071 1.70711L14.2929 0.292893L0.292893 14.2929L1.70711 15.7071Z\" fill=\"white\"><\/path><\/svg><\/a>\r\n                <\/div>\r\n            <\/div>\r\n        <\/div>\r\n        \t\t\t\t<\/div>\n\t\t\t\t<\/div>\n\t\t\t\t\t<\/div>\n\t\t<\/div>\n\t\t\t\t<div class=\"elementor-column elementor-col-33 elementor-inner-column elementor-element elementor-element-1f16aaf\" data-id=\"1f16aaf\" data-element_type=\"column\" data-e-type=\"column\">\n\t\t\t<div class=\"elementor-widget-wrap elementor-element-populated\">\n\t\t\t\t\t\t<div class=\"elementor-element elementor-element-34a47f7 elementor-widget elementor-widget-int-coaching\" data-id=\"34a47f7\" data-element_type=\"widget\" data-e-type=\"widget\" data-widget_type=\"int-coaching.default\">\n\t\t\t\t<div class=\"elementor-widget-container\">\n\t\t\t\t\t\r\n        <div class=\"xb-coaching\">\r\n            <div class=\"xb-item--inner\">\r\n                <div class=\"xb-item--img\">\r\n                    <a href=\"#\"><img loading=\"lazy\" decoding=\"async\" width=\"615\" height=\"402\" src=\"https:\/\/skylines.my\/wp-content\/uploads\/2025\/05\/collaboration.jpg\" class=\"attachment-large size-large\" alt=\"\" srcset=\"https:\/\/skylines.my\/wp-content\/uploads\/2025\/05\/collaboration.jpg 615w, https:\/\/skylines.my\/wp-content\/uploads\/2025\/05\/collaboration-300x196.jpg 300w, https:\/\/skylines.my\/wp-content\/uploads\/2025\/05\/collaboration-18x12.jpg 18w\" sizes=\"(max-width: 615px) 100vw, 615px\" \/><\/a>\r\n                <\/div>\r\n                <div class=\"xb-item--holder pos-rel\">\r\n                                            <h3 class=\"xb-item--title\"><a\r\n                                    href=\"#\">Croissance collaborative<\/a>\r\n                        <\/h3>\r\n                                                                <p class=\"xb-item--content\">\r\n                            Nous nous d\u00e9veloppons gr\u00e2ce aux liens que nous tissons \u2014 en cr\u00e9ant de la valeur \u00e0 long terme avec nos partenaires, nos clients et les communaut\u00e9s du monde entier.                        <\/p>\r\n                                        <a class=\"xb-item--link\" href=\"#\"><svg xmlns=\"http:\/\/www.w3.org\/2000\/svg\" width=\"16\" height=\"16\" viewbox=\"0 0 16 16\" fill=\"none\"><path d=\"M16 1C16 0.447715 15.5523 -9.44832e-09 15 -9.44832e-09L6 -9.44832e-09C5.44772 -9.44832e-09 5 0.447715 5 1C5 1.55228 5.44772 2 6 2H14V10C14 10.5523 14.4477 11 15 11C15.5523 11 16 10.5523 16 10L16 1ZM1.70711 15.7071L15.7071 1.70711L14.2929 0.292893L0.292893 14.2929L1.70711 15.7071Z\" fill=\"white\"><\/path><\/svg><\/a>\r\n                <\/div>\r\n            <\/div>\r\n        <\/div>\r\n        \t\t\t\t<\/div>\n\t\t\t\t<\/div>\n\t\t\t\t\t<\/div>\n\t\t<\/div>\n\t\t\t\t\t<\/div>\n\t\t<\/section>\n\t\t\t\t\t<\/div>\n\t\t<\/div>\n\t\t\t\t\t<\/div>\n\t\t<\/section>\n\t\t\t\t<section class=\"elementor-section elementor-top-section elementor-element elementor-element-1f18547 elementor-section-full_width elementor-section-height-default elementor-section-height-default\" data-id=\"1f18547\" data-element_type=\"section\" data-e-type=\"section\">\n\t\t\t\t\t\t<div class=\"elementor-container elementor-column-gap-default\">\n\t\t\t\t\t<div class=\"elementor-column elementor-col-100 elementor-top-column elementor-element elementor-element-2edd29d\" data-id=\"2edd29d\" data-element_type=\"column\" data-e-type=\"column\">\n\t\t\t<div class=\"elementor-widget-wrap elementor-element-populated\">\n\t\t\t\t\t\t<div class=\"elementor-element elementor-element-d51753c elementor-widget elementor-widget-int-brand\" data-id=\"d51753c\" data-element_type=\"widget\" data-e-type=\"widget\" data-widget_type=\"int-brand.default\">\n\t\t\t\t<div class=\"elementor-widget-container\">\n\t\t\t\t\t\r\n        <section class=\"brand pt-110 pb-90\">\r\n            <div class=\"container\">\r\n                                    <h2 class=\"brand-title text-center mb-50\">\r\n                        <span><span>Nous sommes fiers de travailler avec nos partenaires privil\u00e9gi\u00e9s.<\/span><\/span>\r\n                    <\/h2>\r\n                                <div class=\"xb-swiper-sliders brand-slider\">\r\n                    <div class=\"xb-carousel-inner\">\r\n                        <div class=\"xb-swiper-container swiper-container\">\r\n                            <div class=\"xb-swiper-wrapper swiper-wrapper\">\r\n                                                                    <div class=\"swiper-slide xb-swiper-slide\">\r\n                                        <a href=\"#\"><img loading=\"lazy\" decoding=\"async\" width=\"283\" height=\"125\" src=\"https:\/\/skylines.my\/wp-content\/uploads\/2025\/04\/alfa-1.png\" class=\"attachment-medium size-medium\" alt=\"\" srcset=\"https:\/\/skylines.my\/wp-content\/uploads\/2025\/04\/alfa-1.png 283w, https:\/\/skylines.my\/wp-content\/uploads\/2025\/04\/alfa-1-18x8.png 18w\" sizes=\"(max-width: 283px) 100vw, 283px\" \/><\/a>\r\n                                    <\/div>\r\n                                                                    <div class=\"swiper-slide xb-swiper-slide\">\r\n                                        <a href=\"#\"><img loading=\"lazy\" decoding=\"async\" width=\"283\" height=\"125\" src=\"https:\/\/skylines.my\/wp-content\/uploads\/2025\/04\/inti-1.png\" class=\"attachment-medium size-medium\" alt=\"\" srcset=\"https:\/\/skylines.my\/wp-content\/uploads\/2025\/04\/inti-1.png 283w, https:\/\/skylines.my\/wp-content\/uploads\/2025\/04\/inti-1-18x8.png 18w\" sizes=\"(max-width: 283px) 100vw, 283px\" \/><\/a>\r\n                                    <\/div>\r\n                                                                    <div class=\"swiper-slide xb-swiper-slide\">\r\n                                        <a href=\"#\"><img loading=\"lazy\" decoding=\"async\" width=\"283\" height=\"125\" src=\"https:\/\/skylines.my\/wp-content\/uploads\/2025\/04\/segi-1.png\" class=\"attachment-medium size-medium\" alt=\"\" srcset=\"https:\/\/skylines.my\/wp-content\/uploads\/2025\/04\/segi-1.png 283w, https:\/\/skylines.my\/wp-content\/uploads\/2025\/04\/segi-1-18x8.png 18w\" sizes=\"(max-width: 283px) 100vw, 283px\" \/><\/a>\r\n                                    <\/div>\r\n                                                                    <div class=\"swiper-slide xb-swiper-slide\">\r\n                                        <a href=\"#\"><img loading=\"lazy\" decoding=\"async\" width=\"283\" height=\"125\" src=\"https:\/\/skylines.my\/wp-content\/uploads\/2025\/04\/apu-1.png\" class=\"attachment-medium size-medium\" alt=\"\" srcset=\"https:\/\/skylines.my\/wp-content\/uploads\/2025\/04\/apu-1.png 283w, https:\/\/skylines.my\/wp-content\/uploads\/2025\/04\/apu-1-18x8.png 18w\" sizes=\"(max-width: 283px) 100vw, 283px\" \/><\/a>\r\n                                    <\/div>\r\n                                                                    <div class=\"swiper-slide xb-swiper-slide\">\r\n                                        <a href=\"#\"><img loading=\"lazy\" decoding=\"async\" width=\"283\" height=\"125\" src=\"https:\/\/skylines.my\/wp-content\/uploads\/2025\/04\/city-1.png\" class=\"attachment-medium size-medium\" alt=\"\" srcset=\"https:\/\/skylines.my\/wp-content\/uploads\/2025\/04\/city-1.png 283w, https:\/\/skylines.my\/wp-content\/uploads\/2025\/04\/city-1-18x8.png 18w\" sizes=\"(max-width: 283px) 100vw, 283px\" \/><\/a>\r\n                                    <\/div>\r\n                                                                    <div class=\"swiper-slide xb-swiper-slide\">\r\n                                        <a href=\"#\"><img loading=\"lazy\" decoding=\"async\" width=\"283\" height=\"125\" src=\"https:\/\/skylines.my\/wp-content\/uploads\/2025\/04\/cyberjaya-1.png\" class=\"attachment-medium size-medium\" alt=\"\" srcset=\"https:\/\/skylines.my\/wp-content\/uploads\/2025\/04\/cyberjaya-1.png 283w, https:\/\/skylines.my\/wp-content\/uploads\/2025\/04\/cyberjaya-1-18x8.png 18w\" sizes=\"(max-width: 283px) 100vw, 283px\" \/><\/a>\r\n                                    <\/div>\r\n                                                                    <div class=\"swiper-slide xb-swiper-slide\">\r\n                                        <a href=\"#\"><img loading=\"lazy\" decoding=\"async\" width=\"283\" height=\"125\" src=\"https:\/\/skylines.my\/wp-content\/uploads\/2025\/04\/brickfield-1.png\" class=\"attachment-medium size-medium\" alt=\"\" srcset=\"https:\/\/skylines.my\/wp-content\/uploads\/2025\/04\/brickfield-1.png 283w, https:\/\/skylines.my\/wp-content\/uploads\/2025\/04\/brickfield-1-18x8.png 18w\" sizes=\"(max-width: 283px) 100vw, 283px\" \/><\/a>\r\n                                    <\/div>\r\n                                                            <\/div>\r\n                        <\/div>\r\n                    <\/div>\r\n                <\/div>\r\n            <\/div>\r\n        <\/section>\r\n\r\n        \t\t\t\t<\/div>\n\t\t\t\t<\/div>\n\t\t\t\t\t<\/div>\n\t\t<\/div>\n\t\t\t\t\t<\/div>\n\t\t<\/section>\n\t\t\t\t<\/div>","protected":false},"excerpt":{"rendered":"<p>Our Core Values At Skylines Group, our values are the backbone of our identity, shaping how we serve, collaborate, and create impact across education, business, and tourism. Integrity We lead with transparency and honesty, building trust through ethical, dependable service at every stage. Innovation We embrace smart, adaptive thinking\u2014delivering creative, future-ready solutions that drive real [&hellip;]<\/p>\n","protected":false},"author":1,"featured_media":0,"parent":0,"menu_order":0,"comment_status":"closed","ping_status":"closed","template":"evisa-template.php","meta":{"inline_featured_image":false,"footnotes":""},"class_list":["post-93","page","type-page","status-publish","hentry"],"_links":{"self":[{"href":"https:\/\/skylines.my\/fr\/wp-json\/wp\/v2\/pages\/93","targetHints":{"allow":["GET"]}}],"collection":[{"href":"https:\/\/skylines.my\/fr\/wp-json\/wp\/v2\/pages"}],"about":[{"href":"https:\/\/skylines.my\/fr\/wp-json\/wp\/v2\/types\/page"}],"author":[{"embeddable":true,"href":"https:\/\/skylines.my\/fr\/wp-json\/wp\/v2\/users\/1"}],"replies":[{"embeddable":true,"href":"https:\/\/skylines.my\/fr\/wp-json\/wp\/v2\/comments?post=93"}],"version-history":[{"count":24,"href":"https:\/\/skylines.my\/fr\/wp-json\/wp\/v2\/pages\/93\/revisions"}],"predecessor-version":[{"id":157282,"href":"https:\/\/skylines.my\/fr\/wp-json\/wp\/v2\/pages\/93\/revisions\/157282"}],"wp:attachment":[{"href":"https:\/\/skylines.my\/fr\/wp-json\/wp\/v2\/media?parent=93"}],"curies":[{"name":"wp","href":"https:\/\/api.w.org\/{rel}","templated":true}]}}