{"id":31,"date":"2023-12-20T16:57:55","date_gmt":"2023-12-20T16:57:55","guid":{"rendered":"https:\/\/evisa.xpressbuddy.com\/?page_id=31"},"modified":"2025-05-15T20:08:42","modified_gmt":"2025-05-15T20:08:42","slug":"a-propos","status":"publish","type":"page","link":"https:\/\/skylines.my\/fr\/a-propos\/","title":{"rendered":"\u00c0 propos"},"content":{"rendered":"<div data-elementor-type=\"wp-page\" data-elementor-id=\"31\" class=\"elementor elementor-31\" data-elementor-post-type=\"page\">\n\t\t\t\t\t\t<section class=\"elementor-section elementor-top-section elementor-element elementor-element-e334063 elementor-section-boxed elementor-section-height-default elementor-section-height-default\" data-id=\"e334063\" data-element_type=\"section\" data-e-type=\"section\">\n\t\t\t\t\t\t<div class=\"elementor-container elementor-column-gap-default\">\n\t\t\t\t\t<div class=\"elementor-column elementor-col-100 elementor-top-column elementor-element elementor-element-4e0d10a\" data-id=\"4e0d10a\" data-element_type=\"column\" data-e-type=\"column\">\n\t\t\t<div class=\"elementor-widget-wrap elementor-element-populated\">\n\t\t\t\t\t\t<section class=\"elementor-section elementor-inner-section elementor-element elementor-element-f52160f elementor-section-content-middle elementor-section-boxed elementor-section-height-default elementor-section-height-default\" data-id=\"f52160f\" data-element_type=\"section\" data-e-type=\"section\">\n\t\t\t\t\t\t<div class=\"elementor-container elementor-column-gap-default\">\n\t\t\t\t\t<div class=\"elementor-column elementor-col-50 elementor-inner-column elementor-element elementor-element-c811ace\" data-id=\"c811ace\" data-element_type=\"column\" data-e-type=\"column\">\n\t\t\t<div class=\"elementor-widget-wrap elementor-element-populated\">\n\t\t\t\t\t\t<div class=\"elementor-element elementor-element-4d35655 elementor-widget__width-initial elementor-widget elementor-widget-int-sec-title\" data-id=\"4d35655\" data-element_type=\"widget\" data-e-type=\"widget\" data-widget_type=\"int-sec-title.default\">\n\t\t\t\t<div class=\"elementor-widget-container\">\n\t\t\t\t\t                <div class=\"sec-title\">\r\n                            <h2 class=\"title wow skewIn\">Qui sommes-nous ? <br>\n<\/h2>\r\n                            <p>Skylines Group accompagne les particuliers et les entreprises dans leurs projets \u00e9ducatifs, d&#039;investissement et de voyage. Votre partenaire de confiance pour saisir les opportunit\u00e9s en Malaisie. Pr\u00e9sents en Afrique et en Asie, nous mettons en relation \u00e9tudiants, entrepreneurs et voyageurs avec des solutions transformatrices, gr\u00e2ce \u00e0 notre professionnalisme, notre int\u00e9grit\u00e9 et notre engagement pour un succ\u00e8s durable.<\/p>\r\n                    <\/div>\r\n    \t\t\t\t<\/div>\n\t\t\t\t<\/div>\n\t\t\t\t\t<\/div>\n\t\t<\/div>\n\t\t\t\t<div class=\"elementor-column elementor-col-50 elementor-inner-column elementor-element elementor-element-fa0428d\" data-id=\"fa0428d\" data-element_type=\"column\" data-e-type=\"column\">\n\t\t\t<div class=\"elementor-widget-wrap elementor-element-populated\">\n\t\t\t\t\t\t\t<\/div>\n\t\t<\/div>\n\t\t\t\t\t<\/div>\n\t\t<\/section>\n\t\t\t\t<section class=\"elementor-section elementor-inner-section elementor-element elementor-element-6ca5257 elementor-section-content-middle elementor-section-boxed elementor-section-height-default elementor-section-height-default\" data-id=\"6ca5257\" data-element_type=\"section\" data-e-type=\"section\">\n\t\t\t\t\t\t<div class=\"elementor-container elementor-column-gap-default\">\n\t\t\t\t\t<div class=\"elementor-column elementor-col-100 elementor-inner-column elementor-element elementor-element-e04587f\" data-id=\"e04587f\" data-element_type=\"column\" data-e-type=\"column\">\n\t\t\t<div class=\"elementor-widget-wrap elementor-element-populated\">\n\t\t\t\t\t\t<div class=\"elementor-element elementor-element-1f88ae3 elementor-widget elementor-widget-image\" data-id=\"1f88ae3\" data-element_type=\"widget\" data-e-type=\"widget\" data-widget_type=\"image.default\">\n\t\t\t\t<div class=\"elementor-widget-container\">\n\t\t\t\t\t\t\t\t\t\t\t\t\t\t\t<img fetchpriority=\"high\" decoding=\"async\" width=\"1290\" height=\"600\" src=\"https:\/\/skylines.my\/wp-content\/uploads\/2025\/05\/about-01.jpg\" class=\"attachment-full size-full wp-image-157194\" alt=\"\" srcset=\"https:\/\/skylines.my\/wp-content\/uploads\/2025\/05\/about-01.jpg 1290w, https:\/\/skylines.my\/wp-content\/uploads\/2025\/05\/about-01-300x140.jpg 300w, https:\/\/skylines.my\/wp-content\/uploads\/2025\/05\/about-01-1024x476.jpg 1024w, https:\/\/skylines.my\/wp-content\/uploads\/2025\/05\/about-01-768x357.jpg 768w, https:\/\/skylines.my\/wp-content\/uploads\/2025\/05\/about-01-18x8.jpg 18w\" sizes=\"(max-width: 1290px) 100vw, 1290px\" \/>\t\t\t\t\t\t\t\t\t\t\t\t\t\t\t<\/div>\n\t\t\t\t<\/div>\n\t\t\t\t\t<\/div>\n\t\t<\/div>\n\t\t\t\t\t<\/div>\n\t\t<\/section>\n\t\t\t\t<section class=\"elementor-section elementor-inner-section elementor-element elementor-element-46a458f elementor-section-content-middle elementor-reverse-mobile elementor-section-boxed elementor-section-height-default elementor-section-height-default\" data-id=\"46a458f\" data-element_type=\"section\" data-e-type=\"section\">\n\t\t\t\t\t\t<div class=\"elementor-container elementor-column-gap-default\">\n\t\t\t\t\t<div class=\"elementor-column elementor-col-50 elementor-inner-column elementor-element elementor-element-a73f4ce\" data-id=\"a73f4ce\" data-element_type=\"column\" data-e-type=\"column\">\n\t\t\t<div class=\"elementor-widget-wrap elementor-element-populated\">\n\t\t\t\t\t\t<div class=\"elementor-element elementor-element-55f2385 elementor-widget elementor-widget-int-sec-title\" data-id=\"55f2385\" data-element_type=\"widget\" data-e-type=\"widget\" data-widget_type=\"int-sec-title.default\">\n\t\t\t\t<div class=\"elementor-widget-container\">\n\t\t\t\t\t                <div class=\"sec-title\">\r\n                            <h2 class=\"title wow skewIn\">Une vision n\u00e9e <br \/>\n<span>En r\u00e9ponse \u00e0 la demande mondiale<\/span><\/h2>\r\n                            <p>Fond\u00e9e en 2022 \u00e0 Kuala Lumpur, Skyline Education Services a \u00e9t\u00e9 cr\u00e9\u00e9e pour r\u00e9pondre \u00e0 la demande mondiale croissante en mati\u00e8re d&#039;\u00e9ducation de qualit\u00e9, de d\u00e9veloppement des entreprises et d&#039;exp\u00e9riences de voyages professionnels. Filiale de Skyline Group BHD, notre mission est d&#039;aider les personnes du monde entier \u00e0 explorer de nouvelles perspectives gr\u00e2ce \u00e0 un accompagnement personnalis\u00e9, des conseils d&#039;experts et des partenariats institutionnels solides.<\/p>\r\n                    <\/div>\r\n    \t\t\t\t<\/div>\n\t\t\t\t<\/div>\n\t\t\t\t\t<\/div>\n\t\t<\/div>\n\t\t\t\t<div class=\"elementor-column elementor-col-50 elementor-inner-column elementor-element elementor-element-aa82d45\" data-id=\"aa82d45\" data-element_type=\"column\" data-e-type=\"column\">\n\t\t\t<div class=\"elementor-widget-wrap elementor-element-populated\">\n\t\t\t\t\t\t<div class=\"elementor-element elementor-element-cdb0909 elementor-widget elementor-widget-image\" data-id=\"cdb0909\" data-element_type=\"widget\" data-e-type=\"widget\" data-widget_type=\"image.default\">\n\t\t\t\t<div class=\"elementor-widget-container\">\n\t\t\t\t\t\t\t\t\t\t\t\t\t\t\t<img decoding=\"async\" width=\"482\" height=\"380\" src=\"https:\/\/skylines.my\/wp-content\/uploads\/2025\/05\/about-03.jpg\" class=\"attachment-2048x2048 size-2048x2048 wp-image-157193\" alt=\"\" srcset=\"https:\/\/skylines.my\/wp-content\/uploads\/2025\/05\/about-03.jpg 482w, https:\/\/skylines.my\/wp-content\/uploads\/2025\/05\/about-03-300x237.jpg 300w, https:\/\/skylines.my\/wp-content\/uploads\/2025\/05\/about-03-15x12.jpg 15w\" sizes=\"(max-width: 482px) 100vw, 482px\" \/>\t\t\t\t\t\t\t\t\t\t\t\t\t\t\t<\/div>\n\t\t\t\t<\/div>\n\t\t\t\t\t<\/div>\n\t\t<\/div>\n\t\t\t\t\t<\/div>\n\t\t<\/section>\n\t\t\t\t<section class=\"elementor-section elementor-inner-section elementor-element elementor-element-05e112e elementor-section-content-middle elementor-section-boxed elementor-section-height-default elementor-section-height-default\" data-id=\"05e112e\" data-element_type=\"section\" data-e-type=\"section\">\n\t\t\t\t\t\t<div class=\"elementor-container elementor-column-gap-default\">\n\t\t\t\t\t<div class=\"elementor-column elementor-col-50 elementor-inner-column elementor-element elementor-element-b9e7fbb\" data-id=\"b9e7fbb\" data-element_type=\"column\" data-e-type=\"column\">\n\t\t\t<div class=\"elementor-widget-wrap elementor-element-populated\">\n\t\t\t\t\t\t<div class=\"elementor-element elementor-element-db101b0 elementor-widget__width-initial elementor-widget elementor-widget-image\" data-id=\"db101b0\" data-element_type=\"widget\" data-e-type=\"widget\" data-widget_type=\"image.default\">\n\t\t\t\t<div class=\"elementor-widget-container\">\n\t\t\t\t\t\t\t\t\t\t\t\t\t\t\t<img decoding=\"async\" width=\"482\" height=\"380\" src=\"https:\/\/skylines.my\/wp-content\/uploads\/2025\/05\/about-02.jpg\" class=\"attachment-full size-full wp-image-157192\" alt=\"\" srcset=\"https:\/\/skylines.my\/wp-content\/uploads\/2025\/05\/about-02.jpg 482w, https:\/\/skylines.my\/wp-content\/uploads\/2025\/05\/about-02-300x237.jpg 300w, https:\/\/skylines.my\/wp-content\/uploads\/2025\/05\/about-02-15x12.jpg 15w\" sizes=\"(max-width: 482px) 100vw, 482px\" \/>\t\t\t\t\t\t\t\t\t\t\t\t\t\t\t<\/div>\n\t\t\t\t<\/div>\n\t\t\t\t\t<\/div>\n\t\t<\/div>\n\t\t\t\t<div class=\"elementor-column elementor-col-50 elementor-inner-column elementor-element elementor-element-f54a5b9\" data-id=\"f54a5b9\" data-element_type=\"column\" data-e-type=\"column\">\n\t\t\t<div class=\"elementor-widget-wrap elementor-element-populated\">\n\t\t\t\t\t\t<div class=\"elementor-element elementor-element-62c881e elementor-widget elementor-widget-int-sec-title\" data-id=\"62c881e\" data-element_type=\"widget\" data-e-type=\"widget\" data-widget_type=\"int-sec-title.default\">\n\t\t\t\t<div class=\"elementor-widget-container\">\n\t\t\t\t\t                <div class=\"sec-title\">\r\n                            <h2 class=\"title wow skewIn\">Notre mission <br \/>\n<span><\/span><\/h2>\r\n                            <p>Notre mission est de fournir des solutions int\u00e9gr\u00e9es et de haute qualit\u00e9 en mati\u00e8re de recrutement \u00e9tudiant, de tourisme et de services aux entreprises. Nous visons \u00e0 mettre les \u00e9tudiants en relation avec les meilleures formations, \u00e0 promouvoir la Malaisie comme destination de choix et \u00e0 faciliter les \u00e9changes entre les entreprises ouest-africaines et les opportunit\u00e9s offertes par le march\u00e9 malaisien.<\/p>\r\n                    <\/div>\r\n    \t\t\t\t<\/div>\n\t\t\t\t<\/div>\n\t\t\t\t\t<\/div>\n\t\t<\/div>\n\t\t\t\t\t<\/div>\n\t\t<\/section>\n\t\t\t\t<section class=\"elementor-section elementor-inner-section elementor-element elementor-element-b9a9c94 elementor-section-content-middle elementor-section-boxed elementor-section-height-default elementor-section-height-default\" data-id=\"b9a9c94\" data-element_type=\"section\" data-e-type=\"section\">\n\t\t\t\t\t\t<div class=\"elementor-container elementor-column-gap-default\">\n\t\t\t\t\t<div class=\"elementor-column elementor-col-50 elementor-inner-column elementor-element elementor-element-2b40f29\" data-id=\"2b40f29\" data-element_type=\"column\" data-e-type=\"column\">\n\t\t\t<div class=\"elementor-widget-wrap elementor-element-populated\">\n\t\t\t\t\t\t<div class=\"elementor-element elementor-element-f81c08c elementor-widget elementor-widget-int-sec-title\" data-id=\"f81c08c\" data-element_type=\"widget\" data-e-type=\"widget\" data-widget_type=\"int-sec-title.default\">\n\t\t\t\t<div class=\"elementor-widget-container\">\n\t\t\t\t\t                <div class=\"sec-title\">\r\n                            <h2 class=\"title wow skewIn\">Notre vision<br \/>\n<span><\/span><\/h2>\r\n                            <p>Devenir le prestataire de services le plus fiable et innovant de Malaisie dans les secteurs de l&#039;\u00e9ducation, du tourisme et du d\u00e9veloppement des entreprises. Nous croyons en la cr\u00e9ation de transitions harmonieuses, la fourniture d&#039;une valeur ajout\u00e9e mesurable et l&#039;\u00e9tablissement de relations internationales durables.<\/p>\r\n                    <\/div>\r\n    \t\t\t\t<\/div>\n\t\t\t\t<\/div>\n\t\t\t\t\t<\/div>\n\t\t<\/div>\n\t\t\t\t<div class=\"elementor-column elementor-col-50 elementor-inner-column elementor-element elementor-element-92ef712\" data-id=\"92ef712\" data-element_type=\"column\" data-e-type=\"column\">\n\t\t\t<div class=\"elementor-widget-wrap elementor-element-populated\">\n\t\t\t\t\t\t<div class=\"elementor-element elementor-element-29bcb77 elementor-widget__width-initial elementor-widget elementor-widget-image\" data-id=\"29bcb77\" data-element_type=\"widget\" data-e-type=\"widget\" data-widget_type=\"image.default\">\n\t\t\t\t<div class=\"elementor-widget-container\">\n\t\t\t\t\t\t\t\t\t\t\t\t\t\t\t<img loading=\"lazy\" decoding=\"async\" width=\"482\" height=\"380\" src=\"https:\/\/skylines.my\/wp-content\/uploads\/2025\/05\/about-04.jpg\" class=\"attachment-full size-full wp-image-157217\" alt=\"\" srcset=\"https:\/\/skylines.my\/wp-content\/uploads\/2025\/05\/about-04.jpg 482w, https:\/\/skylines.my\/wp-content\/uploads\/2025\/05\/about-04-300x237.jpg 300w, https:\/\/skylines.my\/wp-content\/uploads\/2025\/05\/about-04-15x12.jpg 15w\" sizes=\"(max-width: 482px) 100vw, 482px\" \/>\t\t\t\t\t\t\t\t\t\t\t\t\t\t\t<\/div>\n\t\t\t\t<\/div>\n\t\t\t\t\t<\/div>\n\t\t<\/div>\n\t\t\t\t\t<\/div>\n\t\t<\/section>\n\t\t\t\t\t<\/div>\n\t\t<\/div>\n\t\t\t\t\t<\/div>\n\t\t<\/section>\n\t\t\t\t<\/div>","protected":false},"excerpt":{"rendered":"<p>Who We Are Empowering individuals and businesses through education, investment, and travel experiences. Skylines Group is your trusted partner for navigating opportunities in Malaysia. With a presence across Africa and Asia, we connect students, entrepreneurs, and travelers to life-changing solutions with professionalism, integrity, and a commitment to long-term success. A Vision Born From Global Demand [&hellip;]<\/p>\n","protected":false},"author":1,"featured_media":0,"parent":0,"menu_order":0,"comment_status":"closed","ping_status":"closed","template":"evisa-template.php","meta":{"inline_featured_image":false,"footnotes":""},"class_list":["post-31","page","type-page","status-publish","hentry"],"_links":{"self":[{"href":"https:\/\/skylines.my\/fr\/wp-json\/wp\/v2\/pages\/31","targetHints":{"allow":["GET"]}}],"collection":[{"href":"https:\/\/skylines.my\/fr\/wp-json\/wp\/v2\/pages"}],"about":[{"href":"https:\/\/skylines.my\/fr\/wp-json\/wp\/v2\/types\/page"}],"author":[{"embeddable":true,"href":"https:\/\/skylines.my\/fr\/wp-json\/wp\/v2\/users\/1"}],"replies":[{"embeddable":true,"href":"https:\/\/skylines.my\/fr\/wp-json\/wp\/v2\/comments?post=31"}],"version-history":[{"count":37,"href":"https:\/\/skylines.my\/fr\/wp-json\/wp\/v2\/pages\/31\/revisions"}],"predecessor-version":[{"id":157220,"href":"https:\/\/skylines.my\/fr\/wp-json\/wp\/v2\/pages\/31\/revisions\/157220"}],"wp:attachment":[{"href":"https:\/\/skylines.my\/fr\/wp-json\/wp\/v2\/media?parent=31"}],"curies":[{"name":"wp","href":"https:\/\/api.w.org\/{rel}","templated":true}]}}